{"id":74,"date":"2008-04-16T15:13:24","date_gmt":"2008-04-16T14:13:24","guid":{"rendered":"http:\/\/12decode.de\/zonenklaus\/wordpress\/?page_id=74"},"modified":"2024-12-05T12:03:32","modified_gmt":"2024-12-05T11:03:32","slug":"deutsch-sein-%e2%80%a6","status":"publish","type":"page","link":"https:\/\/zonenklaus.de\/wordpress\/?page_id=74","title":{"rendered":"&#8220;DEUTSCH sein, hei\u00dft treu sein!&#8221;"},"content":{"rendered":"<p><a href=\"http:\/\/12decode.de\/zonenklaus\/wordpress\/wp-content\/uploads\/2008\/04\/deutsch.jpg\"><img loading=\"lazy\" decoding=\"async\" class=\"size-medium wp-image-75 aligncenter\" title=\"Arsch mit Ohren\" src=\"https:\/\/12decode.de\/zonenklaus\/wordpress\/wp-content\/uploads\/2008\/04\/deutsch-209x300.jpg\" alt=\"\" width=\"209\" height=\"300\" \/><\/a><br \/>\nVermutlich wurde ich anl\u00e4sslich des 100j\u00e4hrigen Jubil\u00e4ums der Ver\u00f6ffentlichung vom \u201eKommunistischen Manifest\u201c, am 21. Februar 1948, w\u00e4hrend einer sinnlos verbrachten Tanzpause anger\u00fchrt. Deshalb stand mein weiterer Lebensweg auch unter einem sehr ung\u00fcnstigen Sowjetstern, denn aus mir wurde noch nicht mal ansatzweise eine s<em>ozialistische Pers\u00f6nlichkeit<\/em>, sondern ein Pickel am Arsch jener <em>klassenlosen Gesellschaft<\/em> in der Zone, ausgestattet mit den Privilegien eines <a href=\"https:\/\/www.jugendopposition.de\/node\/150208\">PM12ers.<\/a><br \/>\nSp\u00e4ter verweigerte man mir wegen politischer Unzuverl\u00e4ssigkeit sogar die Aus\u00fcbung einer T\u00e4tigkeit als Diplomabschmecker der Kl\u00e4ranlagen im s\u00fcdharzer Marktflecken Sangerhausen\/Gonna.<br \/>\nNach \u00fcber zweieinhalb Jahrzehnten, darunter recht turbulente Zeiten, in denen es mir mitunter orgiastisches Vergn\u00fcgen bereitete, meine Verachtung gegen\u00fcber den dortigen Kommunisten frisch, frei und fr\u00f6hlich auszuleben, ging im Fr\u00fchherbst 1975 endlich mein innig ersehnter Traum in Erf\u00fcllung und ich konnte schlie\u00dflich hinter Mauer und Zaun, noch 14 fette Jahre, den <em>westlich\/dekadenten Lebenswandel<\/em> genie\u00dfen.<br \/>\nSelbiger Traum zerbarst dann urpl\u00f6tzlich mit dem Fall der Mauer!<br \/>\nBesch\u00fctzte mich doch dieser, im wahrsten Sinne des Wortes, <i>antifaschistische Schutzwall, <\/i>massenhaft vor all jenen Leuten und hielt sie mir vom Hals, wegen denen ich beizeiten schon aus dem <i>ersten sozialistischen Schlaraffenland der Arbeiter und Bauern <\/i>verschwinden wollte.<br \/>\nHakte irgendwann mein <em>Neckermann-Abitur<\/em> auf dem ZBW ab, <em>stupidierte<\/em> darauffolgend an der Freien <em>Unit\u00e4t<\/em> viele <em>Silvester<\/em> brotlose Politik, Historie und Publizistik. Ohne <em>Makister<\/em>, <em>Tiblom<\/em> und <em>Dockdor-Didel<\/em> schlug ich mich anschlie\u00dfend als Hausmann, nebenher jahrelang als pauschalierter <em>Facility Manager,<\/em> durch den t\u00e4glichen Unbill in Richtung Urne.<br \/>\nHeute f\u00fchre ich als <em>politischer Beobachter<\/em>, <em>Staureporter<\/em>, <em>Kaffeesatzleser<\/em> mit schr\u00e4gen Eulenspiegeleien, ein recht zufriedenes Leben und nach 24 Jahren Probezeit, lebe ich bereits runde elf Jahre in einer staatlich sanktionierten Zweierbeziehung.<b> <\/b><br \/>\n<strong><span style=\"font-size: xx-small;\"><b>(<\/b><\/span><\/strong><em><span style=\"font-size: xx-small;\">Wird nur so erw\u00e4hnt, da man mich \u00f6fters nach selbiger Konstellation ausgehorcht<\/span><\/em><em>.<\/em><strong><span style=\"font-size: xx-small;\"><b>)<\/b><\/span><\/strong><br \/>\nSeit mittlerweile \u00fcber 50 Jahre ist meine Lebensdevise folgende: <em>\u201eLass dich nie aus der Ruhe bringen, denk an G\u00f6tz von Berlichingen! Leck mich am<\/em><strong>*<\/strong><em> Arsch! Nur in seinem Zeichen, kannst du den Abend froh erreichen!&#8221;<\/em><br \/>\n<span style=\"font-size: x-large;\"><strong>M<\/strong><\/span>usste allerdings w\u00e4hrend meiner gesamten <em>Karriere<\/em> sehr oft feststellen, dass gerade dieser ureigenst verinnerlichte Leitspruch nicht \u00fcberall die entsprechende Wertsch\u00e4tzung erfuhr&#8230;<\/p>\n<p><strong>*<\/strong><span style=\"font-size: small;\">Ist politisch gar nicht korrekt, denn bei Friedrich Johann von G\u00f6the hei\u00dft es: \u201eim\u201c!<\/span><\/p>\n<p>&nbsp;<\/p>\n","protected":false},"excerpt":{"rendered":"<p>Vermutlich wurde ich anl\u00e4sslich des 100j\u00e4hrigen Jubil\u00e4ums der Ver\u00f6ffentlichung vom \u201eKommunistischen Manifest\u201c, am 21. Februar 1948, w\u00e4hrend einer sinnlos verbrachten Tanzpause anger\u00fchrt. Deshalb stand mein weiterer Lebensweg auch unter einem sehr ung\u00fcnstigen Sowjetstern, denn aus mir wurde noch nicht mal ansatzweise eine sozialistische Pers\u00f6nlichkeit, sondern ein Pickel am Arsch jener klassenlosen Gesellschaft in der Zone, [&hellip;]<\/p>\n","protected":false},"author":1,"featured_media":0,"parent":0,"menu_order":0,"comment_status":"open","ping_status":"open","template":"","meta":{"footnotes":""},"class_list":["post-74","page","type-page","status-publish","hentry"],"_links":{"self":[{"href":"https:\/\/zonenklaus.de\/wordpress\/index.php?rest_route=\/wp\/v2\/pages\/74","targetHints":{"allow":["GET"]}}],"collection":[{"href":"https:\/\/zonenklaus.de\/wordpress\/index.php?rest_route=\/wp\/v2\/pages"}],"about":[{"href":"https:\/\/zonenklaus.de\/wordpress\/index.php?rest_route=\/wp\/v2\/types\/page"}],"author":[{"embeddable":true,"href":"https:\/\/zonenklaus.de\/wordpress\/index.php?rest_route=\/wp\/v2\/users\/1"}],"replies":[{"embeddable":true,"href":"https:\/\/zonenklaus.de\/wordpress\/index.php?rest_route=%2Fwp%2Fv2%2Fcomments&post=74"}],"version-history":[{"count":23,"href":"https:\/\/zonenklaus.de\/wordpress\/index.php?rest_route=\/wp\/v2\/pages\/74\/revisions"}],"predecessor-version":[{"id":42901,"href":"https:\/\/zonenklaus.de\/wordpress\/index.php?rest_route=\/wp\/v2\/pages\/74\/revisions\/42901"}],"wp:attachment":[{"href":"https:\/\/zonenklaus.de\/wordpress\/index.php?rest_route=%2Fwp%2Fv2%2Fmedia&parent=74"}],"curies":[{"name":"wp","href":"https:\/\/api.w.org\/{rel}","templated":true}]}}